{"id":8634,"date":"2023-10-10T22:54:15","date_gmt":"2023-10-10T22:54:15","guid":{"rendered":"https:\/\/ecosierraperdidatours.com\/en\/?page_id=8634"},"modified":"2024-02-07T22:02:48","modified_gmt":"2024-02-07T22:02:48","slug":"alta-guajira","status":"publish","type":"page","link":"https:\/\/ecosierraperdidatours.com\/en\/all-tours\/alta-guajira\/","title":{"rendered":"Alta Guajira"},"content":{"rendered":"\t\t<div data-elementor-type=\"wp-page\" data-elementor-id=\"8634\" class=\"elementor elementor-8634\">\n\t\t\t\t\t\t\t\t\t<section class=\"elementor-section elementor-top-section elementor-element elementor-element-b20a6c0 elementor-section-stretched elementor-reverse-mobile elementor-section-content-middle elementor-section-boxed elementor-section-height-default elementor-section-height-default\" data-id=\"b20a6c0\" data-element_type=\"section\" data-settings=\"{&quot;stretch_section&quot;:&quot;section-stretched&quot;}\">\n\t\t\t\t\t\t<div class=\"elementor-container elementor-column-gap-custom\">\n\t\t\t\t\t<div class=\"elementor-column elementor-col-50 elementor-top-column elementor-element elementor-element-c86bc9f\" data-id=\"c86bc9f\" data-element_type=\"column\" data-settings=\"{&quot;background_background&quot;:&quot;classic&quot;}\">\n\t\t\t<div class=\"elementor-widget-wrap elementor-element-populated\">\n\t\t\t\t\t\t\t\t<div class=\"elementor-element elementor-element-95f9041 elementor-widget elementor-widget-image\" data-id=\"95f9041\" data-element_type=\"widget\" data-widget_type=\"image.default\">\n\t\t\t\t<div class=\"elementor-widget-container\">\n\t\t\t<style>\/*! elementor - v3.17.0 - 08-11-2023 *\/\n.elementor-widget-image{text-align:center}.elementor-widget-image a{display:inline-block}.elementor-widget-image a img[src$=\".svg\"]{width:48px}.elementor-widget-image img{vertical-align:middle;display:inline-block}<\/style>\t\t\t\t\t\t\t\t\t\t\t\t<img loading=\"lazy\" decoding=\"async\" width=\"980\" height=\"980\" src=\"https:\/\/ecosierraperdidatours.com\/en\/wp-content\/uploads\/2023\/10\/Guajira.svg\" class=\"attachment-large size-large wp-image-8652\" alt=\"\" \/>\t\t\t\t\t\t\t\t\t\t\t\t\t\t\t<\/div>\n\t\t\t\t<\/div>\n\t\t\t\t<div class=\"elementor-element elementor-element-fdc0bff elementor-widget elementor-widget-heading\" data-id=\"fdc0bff\" data-element_type=\"widget\" data-widget_type=\"heading.default\">\n\t\t\t\t<div class=\"elementor-widget-container\">\n\t\t\t<style>\/*! elementor - v3.17.0 - 08-11-2023 *\/\n.elementor-heading-title{padding:0;margin:0;line-height:1}.elementor-widget-heading .elementor-heading-title[class*=elementor-size-]>a{color:inherit;font-size:inherit;line-height:inherit}.elementor-widget-heading .elementor-heading-title.elementor-size-small{font-size:15px}.elementor-widget-heading .elementor-heading-title.elementor-size-medium{font-size:19px}.elementor-widget-heading .elementor-heading-title.elementor-size-large{font-size:29px}.elementor-widget-heading .elementor-heading-title.elementor-size-xl{font-size:39px}.elementor-widget-heading .elementor-heading-title.elementor-size-xxl{font-size:59px}<\/style><h2 class=\"elementor-heading-title elementor-size-default\">Alta Guajira<\/h2>\t\t<\/div>\n\t\t\t\t<\/div>\n\t\t\t\t\t<\/div>\n\t\t<\/div>\n\t\t\t\t<div class=\"elementor-column elementor-col-50 elementor-top-column elementor-element elementor-element-86ed99d\" data-id=\"86ed99d\" data-element_type=\"column\">\n\t\t\t<div class=\"elementor-widget-wrap elementor-element-populated\">\n\t\t\t\t\t\t\t\t<div class=\"elementor-element elementor-element-dc062e6 elementor-widget elementor-widget-text-editor\" data-id=\"dc062e6\" data-element_type=\"widget\" data-widget_type=\"text-editor.default\">\n\t\t\t\t<div class=\"elementor-widget-container\">\n\t\t\t<style>\/*! elementor - v3.17.0 - 08-11-2023 *\/\n.elementor-widget-text-editor.elementor-drop-cap-view-stacked .elementor-drop-cap{background-color:#69727d;color:#fff}.elementor-widget-text-editor.elementor-drop-cap-view-framed .elementor-drop-cap{color:#69727d;border:3px solid;background-color:transparent}.elementor-widget-text-editor:not(.elementor-drop-cap-view-default) .elementor-drop-cap{margin-top:8px}.elementor-widget-text-editor:not(.elementor-drop-cap-view-default) .elementor-drop-cap-letter{width:1em;height:1em}.elementor-widget-text-editor .elementor-drop-cap{float:left;text-align:center;line-height:1;font-size:50px}.elementor-widget-text-editor .elementor-drop-cap-letter{display:inline-block}<\/style>\t\t\t\t<p>Este es un lugar paradis\u00edaco ubicado en la pen\u00ednsula de la Guajira, el punto m\u00e1s al norte de Am\u00e9rica del Sur. Su maravillosa cultura y paisajes naturales hacen de este lugar una de las atracciones naturales m\u00e1s espectaculares del mundo. Es ideal si desea una inmersi\u00f3n completa en una cultura ind\u00edgena aqu\u00ed los Wayuu viven su cultura, lejos de la sociedad en medio de un maravilloso desierto que enfrenta el Mar Caribe y muestra la grandeza de este mundo.<\/p><p>Igualmente se realiza un recorrido \u00fanico entre manglares donde tendr\u00e1n la oportunidad de apreciar diferentes especies de aves nativas y migratorias como los flamingos rosados<\/p><p>si la temporada lo permite adem\u00e1s de disfrutar del paisaje y el mar.<\/p>\t\t\t\t\t\t<\/div>\n\t\t\t\t<\/div>\n\t\t\t\t<section class=\"elementor-section elementor-inner-section elementor-element elementor-element-2b49d24 elementor-section-boxed elementor-section-height-default elementor-section-height-default\" data-id=\"2b49d24\" data-element_type=\"section\">\n\t\t\t\t\t\t<div class=\"elementor-container elementor-column-gap-default\">\n\t\t\t\t\t<div class=\"elementor-column elementor-col-50 elementor-inner-column elementor-element elementor-element-833cff9\" data-id=\"833cff9\" data-element_type=\"column\">\n\t\t\t<div class=\"elementor-widget-wrap elementor-element-populated\">\n\t\t\t\t\t\t\t\t<div class=\"elementor-element elementor-element-3b6f358 elementor-widget elementor-widget-image\" data-id=\"3b6f358\" data-element_type=\"widget\" data-widget_type=\"image.default\">\n\t\t\t\t<div class=\"elementor-widget-container\">\n\t\t\t\t\t\t\t\t\t\t\t\t\t\t\t\t<a href=\"https:\/\/ecosierraperdidatours.com\/en\/tours\/alta-guajira-3-days-2-two-nights-punta-gallinas\/\" target=\"_blank\">\n\t\t\t\t\t\t\t<img loading=\"lazy\" decoding=\"async\" width=\"883\" height=\"574\" src=\"https:\/\/ecosierraperdidatours.com\/en\/wp-content\/uploads\/2023\/10\/ALTA-GUAJIRA-3-days-and-2-Two-nights-Punta-Gallinas.jpg\" class=\"attachment-large size-large wp-image-8800\" alt=\"Alta Guajira: 3 D\u00edas 2 Dos Noches Punta Gallinas\" srcset=\"https:\/\/ecosierraperdidatours.com\/en\/wp-content\/uploads\/2023\/10\/ALTA-GUAJIRA-3-days-and-2-Two-nights-Punta-Gallinas.jpg 883w, https:\/\/ecosierraperdidatours.com\/en\/wp-content\/uploads\/2023\/10\/ALTA-GUAJIRA-3-days-and-2-Two-nights-Punta-Gallinas-300x195.jpg 300w, https:\/\/ecosierraperdidatours.com\/en\/wp-content\/uploads\/2023\/10\/ALTA-GUAJIRA-3-days-and-2-Two-nights-Punta-Gallinas-768x499.jpg 768w, https:\/\/ecosierraperdidatours.com\/en\/wp-content\/uploads\/2023\/10\/ALTA-GUAJIRA-3-days-and-2-Two-nights-Punta-Gallinas-692x450.jpg 692w\" sizes=\"(max-width: 883px) 100vw, 883px\" \/>\t\t\t\t\t\t\t\t<\/a>\n\t\t\t\t\t\t\t\t\t\t\t\t\t\t\t<\/div>\n\t\t\t\t<\/div>\n\t\t\t\t<div class=\"elementor-element elementor-element-683702d elementor-widget elementor-widget-heading\" data-id=\"683702d\" data-element_type=\"widget\" data-widget_type=\"heading.default\">\n\t\t\t\t<div class=\"elementor-widget-container\">\n\t\t\t<h2 class=\"elementor-heading-title elementor-size-default\">ALTA GUAJIRA: 3 days and 2 Two nights Punta Gallinas<\/h2>\t\t<\/div>\n\t\t\t\t<\/div>\n\t\t\t\t<div class=\"elementor-element elementor-element-7b1db1a elementor-align-center elementor-widget elementor-widget-button\" data-id=\"7b1db1a\" data-element_type=\"widget\" data-widget_type=\"button.default\">\n\t\t\t\t<div class=\"elementor-widget-container\">\n\t\t\t\t\t<div class=\"elementor-button-wrapper\">\n\t\t\t<a class=\"elementor-button elementor-button-link elementor-size-sm\" href=\"https:\/\/ecosierraperdidatours.com\/en\/tours\/alta-guajira-3-days-2-two-nights-punta-gallinas\/\" target=\"_blank\">\n\t\t\t\t\t\t<span class=\"elementor-button-content-wrapper\">\n\t\t\t\t\t\t<span class=\"elementor-button-text\">Explore tour<\/span>\n\t\t<\/span>\n\t\t\t\t\t<\/a>\n\t\t<\/div>\n\t\t\t\t<\/div>\n\t\t\t\t<\/div>\n\t\t\t\t\t<\/div>\n\t\t<\/div>\n\t\t\t\t<div class=\"elementor-column elementor-col-50 elementor-inner-column elementor-element elementor-element-99ac40f\" data-id=\"99ac40f\" data-element_type=\"column\">\n\t\t\t<div class=\"elementor-widget-wrap elementor-element-populated\">\n\t\t\t\t\t\t\t\t<div class=\"elementor-element elementor-element-4d4a3be elementor-widget elementor-widget-image\" data-id=\"4d4a3be\" data-element_type=\"widget\" data-widget_type=\"image.default\">\n\t\t\t\t<div class=\"elementor-widget-container\">\n\t\t\t\t\t\t\t\t\t\t\t\t\t\t\t\t<a href=\"https:\/\/ecosierraperdidatours.com\/en\/tours\/alta-guajira-2-days-and-1-night-cabo-de-la-vela\/\" target=\"_blank\">\n\t\t\t\t\t\t\t<img loading=\"lazy\" decoding=\"async\" width=\"883\" height=\"574\" src=\"https:\/\/ecosierraperdidatours.com\/en\/wp-content\/uploads\/2023\/10\/ALTA-GUAJIRA-2-days-and-1-night-Cabo-de-la-Vela\u200b.jpg\" class=\"attachment-large size-large wp-image-8799\" alt=\"\" srcset=\"https:\/\/ecosierraperdidatours.com\/en\/wp-content\/uploads\/2023\/10\/ALTA-GUAJIRA-2-days-and-1-night-Cabo-de-la-Vela\u200b.jpg 883w, https:\/\/ecosierraperdidatours.com\/en\/wp-content\/uploads\/2023\/10\/ALTA-GUAJIRA-2-days-and-1-night-Cabo-de-la-Vela\u200b-300x195.jpg 300w, https:\/\/ecosierraperdidatours.com\/en\/wp-content\/uploads\/2023\/10\/ALTA-GUAJIRA-2-days-and-1-night-Cabo-de-la-Vela\u200b-768x499.jpg 768w, https:\/\/ecosierraperdidatours.com\/en\/wp-content\/uploads\/2023\/10\/ALTA-GUAJIRA-2-days-and-1-night-Cabo-de-la-Vela\u200b-692x450.jpg 692w\" sizes=\"(max-width: 883px) 100vw, 883px\" \/>\t\t\t\t\t\t\t\t<\/a>\n\t\t\t\t\t\t\t\t\t\t\t\t\t\t\t<\/div>\n\t\t\t\t<\/div>\n\t\t\t\t<div class=\"elementor-element elementor-element-200c70b elementor-widget elementor-widget-heading\" data-id=\"200c70b\" data-element_type=\"widget\" data-widget_type=\"heading.default\">\n\t\t\t\t<div class=\"elementor-widget-container\">\n\t\t\t<h2 class=\"elementor-heading-title elementor-size-default\">ALTA GUAJIRA: 2 days and 1 night - Cabo de la Vela\u200b<\/h2>\t\t<\/div>\n\t\t\t\t<\/div>\n\t\t\t\t<div class=\"elementor-element elementor-element-19c9cfa elementor-align-center elementor-widget elementor-widget-button\" data-id=\"19c9cfa\" data-element_type=\"widget\" data-widget_type=\"button.default\">\n\t\t\t\t<div class=\"elementor-widget-container\">\n\t\t\t\t\t<div class=\"elementor-button-wrapper\">\n\t\t\t<a class=\"elementor-button elementor-button-link elementor-size-sm\" href=\"https:\/\/ecosierraperdidatours.com\/en\/tours\/alta-guajira-2-days-and-1-night-cabo-de-la-vela\/\" target=\"_blank\">\n\t\t\t\t\t\t<span class=\"elementor-button-content-wrapper\">\n\t\t\t\t\t\t<span class=\"elementor-button-text\">Explore tour<\/span>\n\t\t<\/span>\n\t\t\t\t\t<\/a>\n\t\t<\/div>\n\t\t\t\t<\/div>\n\t\t\t\t<\/div>\n\t\t\t\t\t<\/div>\n\t\t<\/div>\n\t\t\t\t\t\t\t<\/div>\n\t\t<\/section>\n\t\t\t\t\t<\/div>\n\t\t<\/div>\n\t\t\t\t\t\t\t<\/div>\n\t\t<\/section>\n\t\t\t\t\t\t\t<\/div>\n\t\t","protected":false},"excerpt":{"rendered":"<p>Alta Guajira Este es un lugar paradis\u00edaco ubicado en la pen\u00ednsula de la Guajira, el punto m\u00e1s al norte de Am\u00e9rica del Sur. Su maravillosa cultura y paisajes naturales hacen de este lugar una de las atracciones naturales m\u00e1s espectaculares del mundo. Es ideal si desea una inmersi\u00f3n completa en una cultura ind\u00edgena aqu\u00ed los [&hellip;]<\/p>\n","protected":false},"author":21,"featured_media":0,"parent":6632,"menu_order":0,"comment_status":"closed","ping_status":"closed","template":"","meta":{"inline_featured_image":false,"footnotes":""},"yoast_head":"<!-- This site is optimized with the Yoast SEO plugin v21.9.1 - https:\/\/yoast.com\/wordpress\/plugins\/seo\/ -->\n<title>Alta Guajira - Ecosierra Perdida Tours<\/title>\n<meta name=\"robots\" content=\"index, follow, max-snippet:-1, max-image-preview:large, max-video-preview:-1\" \/>\n<link rel=\"canonical\" href=\"https:\/\/ecosierraperdidatours.com\/en\/all-tours\/alta-guajira\/\" \/>\n<meta property=\"og:locale\" content=\"en_US\" \/>\n<meta property=\"og:type\" content=\"article\" \/>\n<meta property=\"og:title\" content=\"Alta Guajira - Ecosierra Perdida Tours\" \/>\n<meta property=\"og:description\" content=\"Alta Guajira Este es un lugar paradis\u00edaco ubicado en la pen\u00ednsula de la Guajira, el punto m\u00e1s al norte de Am\u00e9rica del Sur. Su maravillosa cultura y paisajes naturales hacen de este lugar una de las atracciones naturales m\u00e1s espectaculares del mundo. Es ideal si desea una inmersi\u00f3n completa en una cultura ind\u00edgena aqu\u00ed los [&hellip;]\" \/>\n<meta property=\"og:url\" content=\"https:\/\/ecosierraperdidatours.com\/en\/all-tours\/alta-guajira\/\" \/>\n<meta property=\"og:site_name\" content=\"Ecosierra Perdida Tours\" \/>\n<meta property=\"article:publisher\" content=\"https:\/\/www.facebook.com\/EcoSierraTours\/\" \/>\n<meta property=\"article:modified_time\" content=\"2024-02-07T22:02:48+00:00\" \/>\n<meta property=\"og:image\" content=\"https:\/\/ecosierraperdidatours.com\/en\/wp-content\/uploads\/2023\/10\/Guajira.svg\" \/>\n<meta name=\"twitter:card\" content=\"summary_large_image\" \/>\n<meta name=\"twitter:label1\" content=\"Est. reading time\" \/>\n\t<meta name=\"twitter:data1\" content=\"2 minutes\" \/>\n<script type=\"application\/ld+json\" class=\"yoast-schema-graph\">{\"@context\":\"https:\/\/schema.org\",\"@graph\":[{\"@type\":\"WebPage\",\"@id\":\"https:\/\/ecosierraperdidatours.com\/en\/all-tours\/alta-guajira\/\",\"url\":\"https:\/\/ecosierraperdidatours.com\/en\/all-tours\/alta-guajira\/\",\"name\":\"Alta Guajira - Ecosierra Perdida Tours\",\"isPartOf\":{\"@id\":\"https:\/\/ecosierraperdidatours.com\/en\/#website\"},\"datePublished\":\"2023-10-10T22:54:15+00:00\",\"dateModified\":\"2024-02-07T22:02:48+00:00\",\"breadcrumb\":{\"@id\":\"https:\/\/ecosierraperdidatours.com\/en\/all-tours\/alta-guajira\/#breadcrumb\"},\"inLanguage\":\"en-US\",\"potentialAction\":[{\"@type\":\"ReadAction\",\"target\":[\"https:\/\/ecosierraperdidatours.com\/en\/all-tours\/alta-guajira\/\"]}]},{\"@type\":\"BreadcrumbList\",\"@id\":\"https:\/\/ecosierraperdidatours.com\/en\/all-tours\/alta-guajira\/#breadcrumb\",\"itemListElement\":[{\"@type\":\"ListItem\",\"position\":1,\"name\":\"Portada\",\"item\":\"https:\/\/ecosierraperdidatours.com\/en\/\"},{\"@type\":\"ListItem\",\"position\":2,\"name\":\"All Tours\",\"item\":\"https:\/\/ecosierraperdidatours.com\/en\/all-tours\/\"},{\"@type\":\"ListItem\",\"position\":3,\"name\":\"Alta Guajira\"}]},{\"@type\":\"WebSite\",\"@id\":\"https:\/\/ecosierraperdidatours.com\/en\/#website\",\"url\":\"https:\/\/ecosierraperdidatours.com\/en\/\",\"name\":\"Ecosierra Perdida Tours\",\"description\":\"Ecosierra Perdida Tours \",\"publisher\":{\"@id\":\"https:\/\/ecosierraperdidatours.com\/en\/#organization\"},\"potentialAction\":[{\"@type\":\"SearchAction\",\"target\":{\"@type\":\"EntryPoint\",\"urlTemplate\":\"https:\/\/ecosierraperdidatours.com\/en\/?s={search_term_string}\"},\"query-input\":\"required name=search_term_string\"}],\"inLanguage\":\"en-US\"},{\"@type\":\"Organization\",\"@id\":\"https:\/\/ecosierraperdidatours.com\/en\/#organization\",\"name\":\"Ecosierra Perdida Tours\",\"url\":\"https:\/\/ecosierraperdidatours.com\/en\/\",\"logo\":{\"@type\":\"ImageObject\",\"inLanguage\":\"en-US\",\"@id\":\"https:\/\/ecosierraperdidatours.com\/en\/#\/schema\/logo\/image\/\",\"url\":\"https:\/\/ecosierraperdidatours.com\/en\/wp-content\/uploads\/2022\/07\/logo-ecosierra-1.png\",\"contentUrl\":\"https:\/\/ecosierraperdidatours.com\/en\/wp-content\/uploads\/2022\/07\/logo-ecosierra-1.png\",\"width\":380,\"height\":185,\"caption\":\"Ecosierra Perdida Tours\"},\"image\":{\"@id\":\"https:\/\/ecosierraperdidatours.com\/en\/#\/schema\/logo\/image\/\"},\"sameAs\":[\"https:\/\/www.facebook.com\/EcoSierraTours\/\",\"https:\/\/www.instagram.com\/ecosierratours\/\"]}]}<\/script>\n<!-- \/ Yoast SEO plugin. -->","yoast_head_json":{"title":"Alta Guajira - Ecosierra Perdida Tours","robots":{"index":"index","follow":"follow","max-snippet":"max-snippet:-1","max-image-preview":"max-image-preview:large","max-video-preview":"max-video-preview:-1"},"canonical":"https:\/\/ecosierraperdidatours.com\/en\/all-tours\/alta-guajira\/","og_locale":"en_US","og_type":"article","og_title":"Alta Guajira - Ecosierra Perdida Tours","og_description":"Alta Guajira Este es un lugar paradis\u00edaco ubicado en la pen\u00ednsula de la Guajira, el punto m\u00e1s al norte de Am\u00e9rica del Sur. Su maravillosa cultura y paisajes naturales hacen de este lugar una de las atracciones naturales m\u00e1s espectaculares del mundo. Es ideal si desea una inmersi\u00f3n completa en una cultura ind\u00edgena aqu\u00ed los [&hellip;]","og_url":"https:\/\/ecosierraperdidatours.com\/en\/all-tours\/alta-guajira\/","og_site_name":"Ecosierra Perdida Tours","article_publisher":"https:\/\/www.facebook.com\/EcoSierraTours\/","article_modified_time":"2024-02-07T22:02:48+00:00","og_image":[{"url":"https:\/\/ecosierraperdidatours.com\/en\/wp-content\/uploads\/2023\/10\/Guajira.svg"}],"twitter_card":"summary_large_image","twitter_misc":{"Est. reading time":"2 minutes"},"schema":{"@context":"https:\/\/schema.org","@graph":[{"@type":"WebPage","@id":"https:\/\/ecosierraperdidatours.com\/en\/all-tours\/alta-guajira\/","url":"https:\/\/ecosierraperdidatours.com\/en\/all-tours\/alta-guajira\/","name":"Alta Guajira - Ecosierra Perdida Tours","isPartOf":{"@id":"https:\/\/ecosierraperdidatours.com\/en\/#website"},"datePublished":"2023-10-10T22:54:15+00:00","dateModified":"2024-02-07T22:02:48+00:00","breadcrumb":{"@id":"https:\/\/ecosierraperdidatours.com\/en\/all-tours\/alta-guajira\/#breadcrumb"},"inLanguage":"en-US","potentialAction":[{"@type":"ReadAction","target":["https:\/\/ecosierraperdidatours.com\/en\/all-tours\/alta-guajira\/"]}]},{"@type":"BreadcrumbList","@id":"https:\/\/ecosierraperdidatours.com\/en\/all-tours\/alta-guajira\/#breadcrumb","itemListElement":[{"@type":"ListItem","position":1,"name":"Portada","item":"https:\/\/ecosierraperdidatours.com\/en\/"},{"@type":"ListItem","position":2,"name":"All Tours","item":"https:\/\/ecosierraperdidatours.com\/en\/all-tours\/"},{"@type":"ListItem","position":3,"name":"Alta Guajira"}]},{"@type":"WebSite","@id":"https:\/\/ecosierraperdidatours.com\/en\/#website","url":"https:\/\/ecosierraperdidatours.com\/en\/","name":"Ecosierra Perdida Tours","description":"Ecosierra Perdida Tours ","publisher":{"@id":"https:\/\/ecosierraperdidatours.com\/en\/#organization"},"potentialAction":[{"@type":"SearchAction","target":{"@type":"EntryPoint","urlTemplate":"https:\/\/ecosierraperdidatours.com\/en\/?s={search_term_string}"},"query-input":"required name=search_term_string"}],"inLanguage":"en-US"},{"@type":"Organization","@id":"https:\/\/ecosierraperdidatours.com\/en\/#organization","name":"Ecosierra Perdida Tours","url":"https:\/\/ecosierraperdidatours.com\/en\/","logo":{"@type":"ImageObject","inLanguage":"en-US","@id":"https:\/\/ecosierraperdidatours.com\/en\/#\/schema\/logo\/image\/","url":"https:\/\/ecosierraperdidatours.com\/en\/wp-content\/uploads\/2022\/07\/logo-ecosierra-1.png","contentUrl":"https:\/\/ecosierraperdidatours.com\/en\/wp-content\/uploads\/2022\/07\/logo-ecosierra-1.png","width":380,"height":185,"caption":"Ecosierra Perdida Tours"},"image":{"@id":"https:\/\/ecosierraperdidatours.com\/en\/#\/schema\/logo\/image\/"},"sameAs":["https:\/\/www.facebook.com\/EcoSierraTours\/","https:\/\/www.instagram.com\/ecosierratours\/"]}]}},"_links":{"self":[{"href":"https:\/\/ecosierraperdidatours.com\/en\/wp-json\/wp\/v2\/pages\/8634"}],"collection":[{"href":"https:\/\/ecosierraperdidatours.com\/en\/wp-json\/wp\/v2\/pages"}],"about":[{"href":"https:\/\/ecosierraperdidatours.com\/en\/wp-json\/wp\/v2\/types\/page"}],"author":[{"embeddable":true,"href":"https:\/\/ecosierraperdidatours.com\/en\/wp-json\/wp\/v2\/users\/21"}],"replies":[{"embeddable":true,"href":"https:\/\/ecosierraperdidatours.com\/en\/wp-json\/wp\/v2\/comments?post=8634"}],"version-history":[{"count":10,"href":"https:\/\/ecosierraperdidatours.com\/en\/wp-json\/wp\/v2\/pages\/8634\/revisions"}],"predecessor-version":[{"id":9767,"href":"https:\/\/ecosierraperdidatours.com\/en\/wp-json\/wp\/v2\/pages\/8634\/revisions\/9767"}],"up":[{"embeddable":true,"href":"https:\/\/ecosierraperdidatours.com\/en\/wp-json\/wp\/v2\/pages\/6632"}],"wp:attachment":[{"href":"https:\/\/ecosierraperdidatours.com\/en\/wp-json\/wp\/v2\/media?parent=8634"}],"curies":[{"name":"wp","href":"https:\/\/api.w.org\/{rel}","templated":true}]}}